{"id":663,"date":"2025-04-07T10:07:03","date_gmt":"2025-04-07T10:07:03","guid":{"rendered":"https:\/\/australintegral.com\/?page_id=663"},"modified":"2025-04-11T09:31:15","modified_gmt":"2025-04-11T09:31:15","slug":"qui-som","status":"publish","type":"page","link":"https:\/\/australintegral.com\/ca\/qui-som\/","title":{"rendered":"QUI SOM"},"content":{"rendered":"<p>[et_pb_section fb_built=&#8221;1&#8243; custom_padding_last_edited=&#8221;on|phone&#8221; _builder_version=&#8221;4.27.4&#8243; _module_preset=&#8221;default&#8221; custom_padding=&#8221;100px||100px||true|false&#8221; custom_padding_tablet=&#8221;60px||60px||true|false&#8221; custom_padding_phone=&#8221;50px||50px||true|false&#8221; locked=&#8221;off&#8221; global_colors_info=&#8221;{}&#8221;][et_pb_row column_structure=&#8221;1_2,1_2&#8243; make_equal=&#8221;on&#8221; _builder_version=&#8221;4.27.4&#8243; _module_preset=&#8221;default&#8221; custom_padding=&#8221;||||false|false&#8221; custom_css_main_element=&#8221;align-items: center;&#8221; global_colors_info=&#8221;{}&#8221; custom_css_main_element_last_edited=&#8221;on|phone&#8221; custom_css_main_element_tablet=&#8221;display: flex;||flex-wrap: wrap;&#8221; custom_css_main_element_phone=&#8221;display: flex;||flex-wrap: wrap;&#8221;][et_pb_column type=&#8221;1_2&#8243; _builder_version=&#8221;4.27.4&#8243; _module_preset=&#8221;default&#8221; border_color_right=&#8221;gcid-secondary-color&#8221; global_colors_info=&#8221;{%22gcid-secondary-color%22:%91%22border_color_right%22%93}&#8221; custom_css_main_element_last_edited=&#8221;on|phone&#8221; custom_css_main_element_tablet=&#8221;order: 2;&#8221; custom_css_main_element_phone=&#8221;order: 2;&#8221;][et_pb_heading title=&#8221;QUI SOM&#8221; _builder_version=&#8221;4.27.4&#8243; _module_preset=&#8221;default&#8221; custom_margin=&#8221;||-1px|||&#8221; hover_enabled=&#8221;0&#8243; global_colors_info=&#8221;{}&#8221; title_font_size=&#8221;26px&#8221; sticky_enabled=&#8221;0&#8243;][\/et_pb_heading][et_pb_heading title=&#8221;L&#039;EQUIP D&#039;AUSTRAL INTEGRAL&#8221; _builder_version=&#8221;4.27.4&#8243; _module_preset=&#8221;default&#8221; title_level=&#8221;h2&#8243; title_text_color=&#8221;gcid-secondary-color&#8221; title_font_size=&#8221;16px&#8221; title_letter_spacing=&#8221;4px&#8221; custom_margin=&#8221;||26px|||&#8221; hover_enabled=&#8221;0&#8243; global_colors_info=&#8221;{%22gcid-secondary-color%22:%91%22title_text_color%22%93}&#8221; sticky_enabled=&#8221;0&#8243;][\/et_pb_heading][et_pb_text _builder_version=&#8221;4.27.4&#8243; _module_preset=&#8221;default&#8221; text_font=&#8221;||||||||&#8221; custom_margin=&#8221;||44px||false|false&#8221; global_colors_info=&#8221;{}&#8221;]<\/p>\n<p>El nostre equip d&#8217;advocats i economistes a Barcelona est\u00e0 format per professionals amb \u00e0mplia experi\u00e8ncia, coneixement i creativitat per aportar valor a problem\u00e0tiques.<\/p>\n<p>La nostra filosofia s&#8217;ha centrat sempre a oferir un valor afegit addicional als nostres clients, en forma d&#8217;aportar visi\u00f3 realista i \u00e0mplia, amb enfocament i creativitat, en relaci\u00f3 amb les problem\u00e0tiques o objectius de cada cas particular.<\/p>\n<p>Combinem el coneixement t\u00e8cnic amb una atenci\u00f3 propera i personalitzada, abordant \u00e0rees complexes com els contractes, litigis, her\u00e8ncies, dret de fam\u00edlia, operacions immobili\u00e0ries, procediments concursals i assessorament fiscal. El nostre objectiu \u00e9s convertir-nos en un aliat estrat\u00e8gic per als nostres clients, oferint solucions eficients i adaptades a cada situaci\u00f3.<\/p>\n<p>[\/et_pb_text][et_pb_button button_url=&#8221;https:\/\/australintegral.com\/ca\/?page_id=660&#8243; button_text=&#8221;VEURE SERVEIS&#8221; _builder_version=&#8221;4.27.4&#8243; _module_preset=&#8221;default&#8221; custom_button=&#8221;on&#8221; button_text_size=&#8221;14px&#8221; button_text_color=&#8221;#000000&#8243; button_bg_color=&#8221;gcid-secondary-color&#8221; button_border_width=&#8221;0px&#8221; button_border_radius=&#8221;100px&#8221; button_letter_spacing=&#8221;3px&#8221; button_font=&#8221;|600||on|||||&#8221; transform_translate_linked__hover=&#8221;off&#8221; custom_padding=&#8221;10px|35px|10px|35px|true|true&#8221; global_colors_info=&#8221;{%22gcid-secondary-color%22:%91%22button_bg_color%22%93,%22gcid-heading-color%22:%91%22button_bg_color__hover%22%93}&#8221; button_bg_color__hover_enabled=&#8221;on|hover&#8221; button_bg_color__hover=&#8221;#9a9a99&#8243; button_bg_enable_color__hover=&#8221;on&#8221; transform_styles__hover_enabled=&#8221;off|desktop&#8221; transform_scale__hover_enabled=&#8221;off|desktop&#8221; transform_translate__hover_enabled=&#8221;off|desktop&#8221; transform_rotate__hover_enabled=&#8221;off|desktop&#8221; transform_skew__hover_enabled=&#8221;off|desktop&#8221; transform_origin__hover_enabled=&#8221;off|desktop&#8221; box_shadow_color__hover_enabled=&#8221;on|hover&#8221; box_shadow_color__hover=&#8221;rgba(0,0,0,0.12)&#8221; transform_translate__hover=&#8221;7px|0px&#8221; button_text_color__hover_enabled=&#8221;on|hover&#8221; button_text_color__hover=&#8221;#FFFFFF&#8221;][\/et_pb_button][\/et_pb_column][et_pb_column type=&#8221;1_2&#8243; _builder_version=&#8221;4.27.4&#8243; _module_preset=&#8221;default&#8221; global_colors_info=&#8221;{}&#8221; custom_css_main_element_last_edited=&#8221;on|phone&#8221; custom_css_main_element_tablet=&#8221;order: 1;&#8221; custom_css_main_element_phone=&#8221;order: 1;&#8221;][et_pb_image src=&#8221;https:\/\/australintegral.com\/wp-content\/uploads\/2025\/04\/quienes-somos-abogados-y-economistas-barcelona-austral-integral.jpg&#8221; alt=&#8221;Qui som | Advocats i economistes Barcelona | AUSTRAL INTEGRAL&#8221; title_text=&#8221;Qui som | Advocats i economistes Barcelona | AUSTRAL INTEGRAL&#8221; show_bottom_space_tablet=&#8221;on&#8221; show_bottom_space_last_edited=&#8221;off|tablet&#8221; _builder_version=&#8221;4.27.4&#8243; _module_preset=&#8221;default&#8221; custom_margin_tablet=&#8221;||40px||false|false&#8221; custom_margin_phone=&#8221;||40px||false|false&#8221; custom_margin_last_edited=&#8221;on|phone&#8221; global_colors_info=&#8221;{}&#8221;][\/et_pb_image][\/et_pb_column][\/et_pb_row][\/et_pb_section]<\/p>\n","protected":false},"excerpt":{"rendered":"<p>El nostre equip d&#8217;advocats i economistes a Barcelona est\u00e0 format per professionals amb \u00e0mplia experi\u00e8ncia, coneixement i creativitat per aportar valor a problem\u00e0tiques. La nostra filosofia s&#8217;ha centrat sempre a oferir un valor afegit addicional als nostres clients, en forma d&#8217;aportar visi\u00f3 realista i \u00e0mplia, amb enfocament i creativitat, en relaci\u00f3 amb les problem\u00e0tiques o [&hellip;]<\/p>\n","protected":false},"author":1,"featured_media":0,"parent":0,"menu_order":0,"comment_status":"closed","ping_status":"closed","template":"","meta":{"_et_pb_use_builder":"on","_et_pb_old_content":"","_et_gb_content_width":"","footnotes":""},"class_list":["post-663","page","type-page","status-publish","hentry"],"_links":{"self":[{"href":"https:\/\/australintegral.com\/ca\/wp-json\/wp\/v2\/pages\/663","targetHints":{"allow":["GET"]}}],"collection":[{"href":"https:\/\/australintegral.com\/ca\/wp-json\/wp\/v2\/pages"}],"about":[{"href":"https:\/\/australintegral.com\/ca\/wp-json\/wp\/v2\/types\/page"}],"author":[{"embeddable":true,"href":"https:\/\/australintegral.com\/ca\/wp-json\/wp\/v2\/users\/1"}],"replies":[{"embeddable":true,"href":"https:\/\/australintegral.com\/ca\/wp-json\/wp\/v2\/comments?post=663"}],"version-history":[{"count":2,"href":"https:\/\/australintegral.com\/ca\/wp-json\/wp\/v2\/pages\/663\/revisions"}],"predecessor-version":[{"id":665,"href":"https:\/\/australintegral.com\/ca\/wp-json\/wp\/v2\/pages\/663\/revisions\/665"}],"wp:attachment":[{"href":"https:\/\/australintegral.com\/ca\/wp-json\/wp\/v2\/media?parent=663"}],"curies":[{"name":"wp","href":"https:\/\/api.w.org\/{rel}","templated":true}]}}